{"id":281,"date":"2011-05-23T15:55:05","date_gmt":"2011-05-23T15:55:05","guid":{"rendered":"http:\/\/localhost\/wpmu\/catalyst\/?page_id=281"},"modified":"2014-10-05T18:49:06","modified_gmt":"2014-10-05T16:49:06","slug":"contact-2","status":"publish","type":"page","link":"https:\/\/www.gegetimage.fr\/?page_id=281","title":{"rendered":"Contact"},"content":{"rendered":"\n<div class=\"wpcf7 no-js\" id=\"wpcf7-f2316-o1\" lang=\"fr-FR\" dir=\"ltr\">\n<div class=\"screen-reader-response\"><p role=\"status\" aria-live=\"polite\" aria-atomic=\"true\"><\/p> <ul><\/ul><\/div>\n<form action=\"\/index.php?rest_route=%2Fwp%2Fv2%2Fpages%2F281#wpcf7-f2316-o1\" method=\"post\" class=\"wpcf7-form init\" aria-label=\"Formulaire de contact\" novalidate=\"novalidate\" data-status=\"init\">\n<div style=\"display: none;\">\n<input type=\"hidden\" name=\"_wpcf7\" value=\"2316\" \/>\n<input type=\"hidden\" name=\"_wpcf7_version\" value=\"5.9.6\" \/>\n<input type=\"hidden\" name=\"_wpcf7_locale\" value=\"fr_FR\" \/>\n<input type=\"hidden\" name=\"_wpcf7_unit_tag\" value=\"wpcf7-f2316-o1\" \/>\n<input type=\"hidden\" name=\"_wpcf7_container_post\" value=\"0\" \/>\n<input type=\"hidden\" name=\"_wpcf7_posted_data_hash\" value=\"\" \/>\n<\/div>\n<p>Nom ou Pseudo (obligatoire)\n<\/p>\n<p><span class=\"wpcf7-form-control-wrap\" data-name=\"your-name\"><input size=\"40\" maxlength=\"80\" class=\"wpcf7-form-control wpcf7-text wpcf7-validates-as-required\" aria-required=\"true\" aria-invalid=\"false\" value=\"\" type=\"text\" name=\"your-name\" \/><\/span>\n<\/p>\n<p>e-mail (obligatoire)\n<\/p>\n<p><span class=\"wpcf7-form-control-wrap\" data-name=\"your-email\"><input size=\"40\" maxlength=\"80\" class=\"wpcf7-form-control wpcf7-email wpcf7-validates-as-required wpcf7-text wpcf7-validates-as-email\" aria-required=\"true\" aria-invalid=\"false\" value=\"\" type=\"email\" name=\"your-email\" \/><\/span>\n<\/p>\n<p>Sujet\n<\/p>\n<p><span class=\"wpcf7-form-control-wrap\" data-name=\"your-subject\"><input size=\"40\" maxlength=\"80\" class=\"wpcf7-form-control wpcf7-text\" aria-invalid=\"false\" value=\"\" type=\"text\" name=\"your-subject\" \/><\/span>\n<\/p>\n<p>Message\n<\/p>\n<p><span class=\"wpcf7-form-control-wrap\" data-name=\"your-message\"><textarea cols=\"40\" rows=\"10\" maxlength=\"400\" class=\"wpcf7-form-control wpcf7-textarea\" aria-invalid=\"false\" name=\"your-message\"><\/textarea><\/span>\n<\/p>\n<p><input class=\"wpcf7-form-control wpcf7-submit has-spinner\" type=\"submit\" value=\"Envoyer\" \/>\n<\/p><p style=\"display: none !important;\" class=\"akismet-fields-container\" data-prefix=\"_wpcf7_ak_\"><label>&#916;<textarea name=\"_wpcf7_ak_hp_textarea\" cols=\"45\" rows=\"8\" maxlength=\"100\"><\/textarea><\/label><input type=\"hidden\" id=\"ak_js_1\" name=\"_wpcf7_ak_js\" value=\"133\"\/><script>document.getElementById( \"ak_js_1\" ).setAttribute( \"value\", ( new Date() ).getTime() );<\/script><\/p><div class=\"wpcf7-response-output\" aria-hidden=\"true\"><\/div>\n<\/form>\n<\/div>\n\n<div>Votre avis m&rsquo;int\u00e9resse, n&rsquo;h\u00e9sitez pas \u00e0 me laisser un commentaire.<\/div>\n<div>&nbsp;<\/div>\n<div>Faites votre choix de photos, elles sont vendues <b>120 \u20ac pi\u00e8ce<\/b> jusqu&rsquo;au format <b>90 x 60 cm.<\/b><\/div>\n<div>L&rsquo;impression sera faite sur un papier 280 g \u00ab\u00a0ultraprint\u00a0\u00bb de tr\u00e8s haute qualit\u00e9.<\/div>\n<div>Les frais de port (9 \u20ac) sont en plus.<\/div>\n<div>&nbsp;<\/div>\n<div>A bient\u00f4t.<\/div>\n<div>&nbsp;<\/div>\n<div>&#8211; G\u00e9<\/div>\n","protected":false},"excerpt":{"rendered":"<p>Votre avis m&rsquo;int\u00e9resse, n&rsquo;h\u00e9sitez pas \u00e0 me laisser un commentaire. &nbsp; Faites votre choix de photos, elles sont vendues 120 \u20ac pi\u00e8ce jusqu&rsquo;au format 90 x 60 cm. L&rsquo;impression sera faite sur un papier 280 g \u00ab\u00a0ultraprint\u00a0\u00bb de tr\u00e8s haute qualit\u00e9. Les frais de port (9 \u20ac) sont en plus. &hellip;<\/p>\n<div class=\"wrap-excerpt-more\"><a class=\"excerpt-more\" href=\"https:\/\/www.gegetimage.fr\/?page_id=281\">Read more<\/a><\/div>\n","protected":false},"author":2,"featured_media":0,"parent":0,"menu_order":0,"comment_status":"closed","ping_status":"closed","template":"template-contacts.php","meta":{"footnotes":""},"jetpack_sharing_enabled":true,"_links":{"self":[{"href":"https:\/\/www.gegetimage.fr\/index.php?rest_route=\/wp\/v2\/pages\/281"}],"collection":[{"href":"https:\/\/www.gegetimage.fr\/index.php?rest_route=\/wp\/v2\/pages"}],"about":[{"href":"https:\/\/www.gegetimage.fr\/index.php?rest_route=\/wp\/v2\/types\/page"}],"author":[{"embeddable":true,"href":"https:\/\/www.gegetimage.fr\/index.php?rest_route=\/wp\/v2\/users\/2"}],"replies":[{"embeddable":true,"href":"https:\/\/www.gegetimage.fr\/index.php?rest_route=%2Fwp%2Fv2%2Fcomments&post=281"}],"version-history":[{"count":13,"href":"https:\/\/www.gegetimage.fr\/index.php?rest_route=\/wp\/v2\/pages\/281\/revisions"}],"predecessor-version":[{"id":6298,"href":"https:\/\/www.gegetimage.fr\/index.php?rest_route=\/wp\/v2\/pages\/281\/revisions\/6298"}],"wp:attachment":[{"href":"https:\/\/www.gegetimage.fr\/index.php?rest_route=%2Fwp%2Fv2%2Fmedia&parent=281"}],"curies":[{"name":"wp","href":"https:\/\/api.w.org\/{rel}","templated":true}]}}